{"id":1635,"date":"2026-03-01T14:52:01","date_gmt":"2026-03-01T13:52:01","guid":{"rendered":"https:\/\/www.dapoddy.de\/dapoddy\/?page_id=1635"},"modified":"2026-03-01T16:36:39","modified_gmt":"2026-03-01T15:36:39","slug":"ueber-mich","status":"publish","type":"page","link":"https:\/\/www.dapoddy.de\/dapoddy\/ueber-mich\/","title":{"rendered":"\u00dcber mich"},"content":{"rendered":"\t\t<div data-elementor-type=\"wp-page\" data-elementor-id=\"1635\" class=\"elementor elementor-1635\">\n\t\t\t\t\t\t<section class=\"elementor-section elementor-top-section elementor-element elementor-element-af02776 elementor-section-boxed elementor-section-height-default elementor-section-height-default\" data-id=\"af02776\" data-element_type=\"section\" data-e-type=\"section\">\n\t\t\t\t\t\t<div class=\"elementor-container elementor-column-gap-default\">\n\t\t\t\t\t<div class=\"elementor-column elementor-col-100 elementor-top-column elementor-element elementor-element-18d25dd\" data-id=\"18d25dd\" data-element_type=\"column\" data-e-type=\"column\">\n\t\t\t<div class=\"elementor-widget-wrap elementor-element-populated\">\n\t\t\t\t\t\t<div class=\"elementor-element elementor-element-81358e1 elementor-widget elementor-widget-spacer\" data-id=\"81358e1\" data-element_type=\"widget\" data-e-type=\"widget\" data-widget_type=\"spacer.default\">\n\t\t\t\t<div class=\"elementor-widget-container\">\n\t\t\t\t\t\t\t<div class=\"elementor-spacer\">\n\t\t\t<div class=\"elementor-spacer-inner\"><\/div>\n\t\t<\/div>\n\t\t\t\t\t\t<\/div>\n\t\t\t\t<\/div>\n\t\t\t\t<div class=\"elementor-element elementor-element-39059e9 elementor-widget elementor-widget-heading\" data-id=\"39059e9\" data-element_type=\"widget\" data-e-type=\"widget\" data-widget_type=\"heading.default\">\n\t\t\t\t<div class=\"elementor-widget-container\">\n\t\t\t\t\t<h2 class=\"elementor-heading-title elementor-size-default\">\u00dcber mich<\/h2>\t\t\t\t<\/div>\n\t\t\t\t<\/div>\n\t\t\t\t\t<\/div>\n\t\t<\/div>\n\t\t\t\t\t<\/div>\n\t\t<\/section>\n\t\t\t\t<section class=\"elementor-section elementor-top-section elementor-element elementor-element-0601e22 elementor-section-boxed elementor-section-height-default elementor-section-height-default\" data-id=\"0601e22\" data-element_type=\"section\" data-e-type=\"section\">\n\t\t\t\t\t\t<div class=\"elementor-container elementor-column-gap-default\">\n\t\t\t\t\t<div class=\"elementor-column elementor-col-100 elementor-top-column elementor-element elementor-element-d2d7a99\" data-id=\"d2d7a99\" data-element_type=\"column\" data-e-type=\"column\">\n\t\t\t<div class=\"elementor-widget-wrap elementor-element-populated\">\n\t\t\t\t\t\t<div class=\"elementor-element elementor-element-f09699d elementor-widget elementor-widget-spacer\" data-id=\"f09699d\" data-element_type=\"widget\" data-e-type=\"widget\" data-widget_type=\"spacer.default\">\n\t\t\t\t<div class=\"elementor-widget-container\">\n\t\t\t\t\t\t\t<div class=\"elementor-spacer\">\n\t\t\t<div class=\"elementor-spacer-inner\"><\/div>\n\t\t<\/div>\n\t\t\t\t\t\t<\/div>\n\t\t\t\t<\/div>\n\t\t\t\t<section class=\"elementor-section elementor-inner-section elementor-element elementor-element-90a91f1 elementor-section-full_width elementor-section-height-default elementor-section-height-default\" data-id=\"90a91f1\" data-element_type=\"section\" data-e-type=\"section\">\n\t\t\t\t\t\t<div class=\"elementor-container elementor-column-gap-default\">\n\t\t\t\t\t<div class=\"elementor-column elementor-col-33 elementor-inner-column elementor-element elementor-element-c8211da\" data-id=\"c8211da\" data-element_type=\"column\" data-e-type=\"column\">\n\t\t\t<div class=\"elementor-widget-wrap elementor-element-populated\">\n\t\t\t\t\t\t<div class=\"elementor-element elementor-element-e4d5e2d elementor-widget elementor-widget-image\" data-id=\"e4d5e2d\" data-element_type=\"widget\" data-e-type=\"widget\" data-widget_type=\"image.default\">\n\t\t\t\t<div class=\"elementor-widget-container\">\n\t\t\t\t\t\t\t\t\t\t\t\t\t\t\t<img fetchpriority=\"high\" decoding=\"async\" width=\"225\" height=\"300\" src=\"https:\/\/www.dapoddy.de\/dapoddy\/wp-content\/uploads\/2026\/03\/1732360473979-225x300.jpg\" class=\"attachment-medium size-medium wp-image-1697\" alt=\"\" srcset=\"https:\/\/www.dapoddy.de\/dapoddy\/wp-content\/uploads\/2026\/03\/1732360473979-225x300.jpg 225w, https:\/\/www.dapoddy.de\/dapoddy\/wp-content\/uploads\/2026\/03\/1732360473979-768x1024.jpg 768w, https:\/\/www.dapoddy.de\/dapoddy\/wp-content\/uploads\/2026\/03\/1732360473979-1152x1536.jpg 1152w, https:\/\/www.dapoddy.de\/dapoddy\/wp-content\/uploads\/2026\/03\/1732360473979-1536x2048.jpg 1536w, https:\/\/www.dapoddy.de\/dapoddy\/wp-content\/uploads\/2026\/03\/1732360473979-scaled.jpg 1920w\" sizes=\"(max-width: 225px) 100vw, 225px\" \/>\t\t\t\t\t\t\t\t\t\t\t\t\t\t\t<\/div>\n\t\t\t\t<\/div>\n\t\t\t\t\t<\/div>\n\t\t<\/div>\n\t\t\t\t<div class=\"elementor-column elementor-col-66 elementor-inner-column elementor-element elementor-element-33218cf\" data-id=\"33218cf\" data-element_type=\"column\" data-e-type=\"column\">\n\t\t\t<div class=\"elementor-widget-wrap elementor-element-populated\">\n\t\t\t\t\t\t<div class=\"elementor-element elementor-element-4fd2b6c elementor-widget elementor-widget-text-editor\" data-id=\"4fd2b6c\" data-element_type=\"widget\" data-e-type=\"widget\" data-widget_type=\"text-editor.default\">\n\t\t\t\t<div class=\"elementor-widget-container\">\n\t\t\t\t\t\t\t\t\t<p class=\"isSelectedEnd\">Hallo und willkommen auf dapoddy.de!<\/p><p class=\"isSelectedEnd\">Ich bin Daniel, in Hannover geboren und aufgewachsen. Die Stadt und ihr \u00f6ffentlicher Nahverkehr haben mich schon mein ganzes Leben begleitet. Ob auf dem Weg zur Schule, durch die Innenstadt oder einfach unterwegs \u2013 Busse und Stadtbahnen geh\u00f6ren f\u00fcr mich ganz selbstverst\u00e4ndlich dazu.<\/p><p class=\"isSelectedEnd\">\u00dcber die Jahre ist daraus mehr geworden als nur Alltag: ein echtes Interesse f\u00fcr die Stadtbahn und ihre Entwicklung. Besonders die verschiedenen Fahrzeugtypen faszinieren mich \u2013 vom klassischen TW 6000, der f\u00fcr viele Hannoveraner fast schon Kult ist, bis hin zu den neuen TW 4000, die die Zukunft pr\u00e4gen werden.<\/p><p class=\"isSelectedEnd\">Mit dieser Website m\u00f6chte ich genau diese Faszination teilen. Es geht mir darum, Entwicklungen sichtbar zu machen, Hintergr\u00fcnde verst\u00e4ndlich zu erkl\u00e4ren und auch die kleinen Details zu zeigen, die man im Alltag oft \u00fcbersieht.<\/p><p class=\"isSelectedEnd\">dapoddy.de ist f\u00fcr mich dabei nicht nur eine Informationsseite, sondern auch ein pers\u00f6nliches Projekt \u2013 ein Ort, an dem ich meine Gedanken, mein Interesse und meine Begeisterung f\u00fcr den \u00d6PNV in Hannover zusammenbringen kann.<\/p><p>Ich freue mich, wenn du hier etwas Interessantes f\u00fcr dich findest \u2013 vielleicht entdeckst du dabei den \u00f6ffentlichen Nahverkehr ja auch noch einmal aus einer neuen Perspektive.<\/p>\t\t\t\t\t\t\t\t<\/div>\n\t\t\t\t<\/div>\n\t\t\t\t\t<\/div>\n\t\t<\/div>\n\t\t\t\t\t<\/div>\n\t\t<\/section>\n\t\t\t\t\t<\/div>\n\t\t<\/div>\n\t\t\t\t\t<\/div>\n\t\t<\/section>\n\t\t\t\t<\/div>\n\t\t","protected":false},"excerpt":{"rendered":"<p>\u00dcber mich Hallo und willkommen auf dapoddy.de! Ich bin Daniel, in Hannover geboren und aufgewachsen. Die Stadt und ihr \u00f6ffentlicher Nahverkehr haben mich schon mein ganzes Leben begleitet. Ob auf dem Weg zur Schule, durch die Innenstadt oder einfach unterwegs \u2013 Busse und Stadtbahnen geh\u00f6ren f\u00fcr mich ganz selbstverst\u00e4ndlich dazu. \u00dcber die Jahre ist daraus [&hellip;]<\/p>\n","protected":false},"author":2,"featured_media":0,"parent":0,"menu_order":0,"comment_status":"closed","ping_status":"closed","template":"","meta":{"ocean_post_layout":"full-width","ocean_both_sidebars_style":"","ocean_both_sidebars_content_width":0,"ocean_both_sidebars_sidebars_width":0,"ocean_sidebar":"","ocean_second_sidebar":"","ocean_disable_margins":"on","ocean_add_body_class":"","ocean_shortcode_before_top_bar":"","ocean_shortcode_after_top_bar":"","ocean_shortcode_before_header":"","ocean_shortcode_after_header":"","ocean_has_shortcode":"","ocean_shortcode_after_title":"","ocean_shortcode_before_footer_widgets":"","ocean_shortcode_after_footer_widgets":"","ocean_shortcode_before_footer_bottom":"","ocean_shortcode_after_footer_bottom":"","ocean_display_top_bar":"default","ocean_display_header":"default","ocean_header_style":"","ocean_center_header_left_menu":"","ocean_custom_header_template":"","ocean_custom_logo":0,"ocean_custom_retina_logo":0,"ocean_custom_logo_max_width":0,"ocean_custom_logo_tablet_max_width":0,"ocean_custom_logo_mobile_max_width":0,"ocean_custom_logo_max_height":0,"ocean_custom_logo_tablet_max_height":0,"ocean_custom_logo_mobile_max_height":0,"ocean_header_custom_menu":"","ocean_menu_typo_font_family":"","ocean_menu_typo_font_subset":"","ocean_menu_typo_font_size":0,"ocean_menu_typo_font_size_tablet":0,"ocean_menu_typo_font_size_mobile":0,"ocean_menu_typo_font_size_unit":"px","ocean_menu_typo_font_weight":"","ocean_menu_typo_font_weight_tablet":"","ocean_menu_typo_font_weight_mobile":"","ocean_menu_typo_transform":"","ocean_menu_typo_transform_tablet":"","ocean_menu_typo_transform_mobile":"","ocean_menu_typo_line_height":0,"ocean_menu_typo_line_height_tablet":0,"ocean_menu_typo_line_height_mobile":0,"ocean_menu_typo_line_height_unit":"","ocean_menu_typo_spacing":0,"ocean_menu_typo_spacing_tablet":0,"ocean_menu_typo_spacing_mobile":0,"ocean_menu_typo_spacing_unit":"","ocean_menu_link_color":"","ocean_menu_link_color_hover":"","ocean_menu_link_color_active":"","ocean_menu_link_background":"","ocean_menu_link_hover_background":"","ocean_menu_link_active_background":"","ocean_menu_social_links_bg":"","ocean_menu_social_hover_links_bg":"","ocean_menu_social_links_color":"","ocean_menu_social_hover_links_color":"","ocean_disable_title":"on","ocean_disable_heading":"default","ocean_post_title":"","ocean_post_subheading":"","ocean_post_title_style":"","ocean_post_title_background_color":"","ocean_post_title_background":0,"ocean_post_title_bg_image_position":"","ocean_post_title_bg_image_attachment":"","ocean_post_title_bg_image_repeat":"","ocean_post_title_bg_image_size":"","ocean_post_title_height":0,"ocean_post_title_bg_overlay":0.5,"ocean_post_title_bg_overlay_color":"","ocean_disable_breadcrumbs":"default","ocean_breadcrumbs_color":"","ocean_breadcrumbs_separator_color":"","ocean_breadcrumbs_links_color":"","ocean_breadcrumbs_links_hover_color":"","ocean_display_footer_widgets":"default","ocean_display_footer_bottom":"default","ocean_custom_footer_template":"","footnotes":""},"class_list":["post-1635","page","type-page","status-publish","hentry","entry"],"yoast_head":"<!-- This site is optimized with the Yoast SEO plugin v27.0 - https:\/\/yoast.com\/product\/yoast-seo-wordpress\/ -->\n<title>\u00dcber mich - dapoddy.de<\/title>\n<meta name=\"robots\" content=\"index, follow, max-snippet:-1, max-image-preview:large, max-video-preview:-1\" \/>\n<link rel=\"canonical\" href=\"https:\/\/www.dapoddy.de\/dapoddy\/ueber-mich\/\" \/>\n<meta property=\"og:locale\" content=\"de_DE\" \/>\n<meta property=\"og:type\" content=\"article\" \/>\n<meta property=\"og:title\" content=\"\u00dcber mich - dapoddy.de\" \/>\n<meta property=\"og:description\" content=\"\u00dcber mich Hallo und willkommen auf dapoddy.de! Ich bin Daniel, in Hannover geboren und aufgewachsen. Die Stadt und ihr \u00f6ffentlicher Nahverkehr haben mich schon mein ganzes Leben begleitet. Ob auf dem Weg zur Schule, durch die Innenstadt oder einfach unterwegs \u2013 Busse und Stadtbahnen geh\u00f6ren f\u00fcr mich ganz selbstverst\u00e4ndlich dazu. \u00dcber die Jahre ist daraus [&hellip;]\" \/>\n<meta property=\"og:url\" content=\"https:\/\/www.dapoddy.de\/dapoddy\/ueber-mich\/\" \/>\n<meta property=\"og:site_name\" content=\"dapoddy.de\" \/>\n<meta property=\"article:modified_time\" content=\"2026-03-01T15:36:39+00:00\" \/>\n<meta property=\"og:image\" content=\"https:\/\/www.dapoddy.de\/dapoddy\/wp-content\/uploads\/2026\/03\/1732360473979-scaled.jpg\" \/>\n\t<meta property=\"og:image:width\" content=\"1920\" \/>\n\t<meta property=\"og:image:height\" content=\"2560\" \/>\n\t<meta property=\"og:image:type\" content=\"image\/jpeg\" \/>\n<meta name=\"twitter:card\" content=\"summary_large_image\" \/>\n<meta name=\"twitter:label1\" content=\"Gesch\u00e4tzte Lesezeit\" \/>\n\t<meta name=\"twitter:data1\" content=\"1\u00a0Minute\" \/>\n<script type=\"application\/ld+json\" class=\"yoast-schema-graph\">{\"@context\":\"https:\/\/schema.org\",\"@graph\":[{\"@type\":\"WebPage\",\"@id\":\"https:\/\/www.dapoddy.de\/dapoddy\/ueber-mich\/\",\"url\":\"https:\/\/www.dapoddy.de\/dapoddy\/ueber-mich\/\",\"name\":\"\u00dcber mich - dapoddy.de\",\"isPartOf\":{\"@id\":\"https:\/\/www.dapoddy.de\/dapoddy\/#website\"},\"primaryImageOfPage\":{\"@id\":\"https:\/\/www.dapoddy.de\/dapoddy\/ueber-mich\/#primaryimage\"},\"image\":{\"@id\":\"https:\/\/www.dapoddy.de\/dapoddy\/ueber-mich\/#primaryimage\"},\"thumbnailUrl\":\"https:\/\/www.dapoddy.de\/dapoddy\/wp-content\/uploads\/2026\/03\/1732360473979-225x300.jpg\",\"datePublished\":\"2026-03-01T13:52:01+00:00\",\"dateModified\":\"2026-03-01T15:36:39+00:00\",\"breadcrumb\":{\"@id\":\"https:\/\/www.dapoddy.de\/dapoddy\/ueber-mich\/#breadcrumb\"},\"inLanguage\":\"de\",\"potentialAction\":[{\"@type\":\"ReadAction\",\"target\":[\"https:\/\/www.dapoddy.de\/dapoddy\/ueber-mich\/\"]}]},{\"@type\":\"ImageObject\",\"inLanguage\":\"de\",\"@id\":\"https:\/\/www.dapoddy.de\/dapoddy\/ueber-mich\/#primaryimage\",\"url\":\"https:\/\/www.dapoddy.de\/dapoddy\/wp-content\/uploads\/2026\/03\/1732360473979-scaled.jpg\",\"contentUrl\":\"https:\/\/www.dapoddy.de\/dapoddy\/wp-content\/uploads\/2026\/03\/1732360473979-scaled.jpg\",\"width\":1920,\"height\":2560},{\"@type\":\"BreadcrumbList\",\"@id\":\"https:\/\/www.dapoddy.de\/dapoddy\/ueber-mich\/#breadcrumb\",\"itemListElement\":[{\"@type\":\"ListItem\",\"position\":1,\"name\":\"Start\",\"item\":\"https:\/\/www.dapoddy.de\/dapoddy\/\"},{\"@type\":\"ListItem\",\"position\":2,\"name\":\"\u00dcber mich\"}]},{\"@type\":\"WebSite\",\"@id\":\"https:\/\/www.dapoddy.de\/dapoddy\/#website\",\"url\":\"https:\/\/www.dapoddy.de\/dapoddy\/\",\"name\":\"dapoddy.de\",\"description\":\"Herzlich willkommen auf der Internetseite von Daniel Podlasly\",\"publisher\":{\"@id\":\"https:\/\/www.dapoddy.de\/dapoddy\/#\/schema\/person\/56521fb7247a00ca681c1f8849920eda\"},\"potentialAction\":[{\"@type\":\"SearchAction\",\"target\":{\"@type\":\"EntryPoint\",\"urlTemplate\":\"https:\/\/www.dapoddy.de\/dapoddy\/?s={search_term_string}\"},\"query-input\":{\"@type\":\"PropertyValueSpecification\",\"valueRequired\":true,\"valueName\":\"search_term_string\"}}],\"inLanguage\":\"de\"},{\"@type\":[\"Person\",\"Organization\"],\"@id\":\"https:\/\/www.dapoddy.de\/dapoddy\/#\/schema\/person\/56521fb7247a00ca681c1f8849920eda\",\"name\":\"Daniel Podlasly\",\"image\":{\"@type\":\"ImageObject\",\"inLanguage\":\"de\",\"@id\":\"https:\/\/www.dapoddy.de\/dapoddy\/#\/schema\/person\/image\/\",\"url\":\"https:\/\/secure.gravatar.com\/avatar\/d393dbd9f8a0618b72bb1505d16dcc84851935cfa17686be49263498b16687b6?s=96&d=blank&r=g\",\"contentUrl\":\"https:\/\/secure.gravatar.com\/avatar\/d393dbd9f8a0618b72bb1505d16dcc84851935cfa17686be49263498b16687b6?s=96&d=blank&r=g\",\"caption\":\"Daniel Podlasly\"},\"logo\":{\"@id\":\"https:\/\/www.dapoddy.de\/dapoddy\/#\/schema\/person\/image\/\"},\"description\":\"Ich bin der Webmaster dieser Internetpr\u00e4senz. Schreibt bitte Kommentare zu den Blogs\",\"sameAs\":[\"https:\/\/www.dapoddy.de\"]}]}<\/script>\n<!-- \/ Yoast SEO plugin. -->","yoast_head_json":{"title":"\u00dcber mich - dapoddy.de","robots":{"index":"index","follow":"follow","max-snippet":"max-snippet:-1","max-image-preview":"max-image-preview:large","max-video-preview":"max-video-preview:-1"},"canonical":"https:\/\/www.dapoddy.de\/dapoddy\/ueber-mich\/","og_locale":"de_DE","og_type":"article","og_title":"\u00dcber mich - dapoddy.de","og_description":"\u00dcber mich Hallo und willkommen auf dapoddy.de! Ich bin Daniel, in Hannover geboren und aufgewachsen. Die Stadt und ihr \u00f6ffentlicher Nahverkehr haben mich schon mein ganzes Leben begleitet. Ob auf dem Weg zur Schule, durch die Innenstadt oder einfach unterwegs \u2013 Busse und Stadtbahnen geh\u00f6ren f\u00fcr mich ganz selbstverst\u00e4ndlich dazu. \u00dcber die Jahre ist daraus [&hellip;]","og_url":"https:\/\/www.dapoddy.de\/dapoddy\/ueber-mich\/","og_site_name":"dapoddy.de","article_modified_time":"2026-03-01T15:36:39+00:00","og_image":[{"width":1920,"height":2560,"url":"https:\/\/www.dapoddy.de\/dapoddy\/wp-content\/uploads\/2026\/03\/1732360473979-scaled.jpg","type":"image\/jpeg"}],"twitter_card":"summary_large_image","twitter_misc":{"Gesch\u00e4tzte Lesezeit":"1\u00a0Minute"},"schema":{"@context":"https:\/\/schema.org","@graph":[{"@type":"WebPage","@id":"https:\/\/www.dapoddy.de\/dapoddy\/ueber-mich\/","url":"https:\/\/www.dapoddy.de\/dapoddy\/ueber-mich\/","name":"\u00dcber mich - dapoddy.de","isPartOf":{"@id":"https:\/\/www.dapoddy.de\/dapoddy\/#website"},"primaryImageOfPage":{"@id":"https:\/\/www.dapoddy.de\/dapoddy\/ueber-mich\/#primaryimage"},"image":{"@id":"https:\/\/www.dapoddy.de\/dapoddy\/ueber-mich\/#primaryimage"},"thumbnailUrl":"https:\/\/www.dapoddy.de\/dapoddy\/wp-content\/uploads\/2026\/03\/1732360473979-225x300.jpg","datePublished":"2026-03-01T13:52:01+00:00","dateModified":"2026-03-01T15:36:39+00:00","breadcrumb":{"@id":"https:\/\/www.dapoddy.de\/dapoddy\/ueber-mich\/#breadcrumb"},"inLanguage":"de","potentialAction":[{"@type":"ReadAction","target":["https:\/\/www.dapoddy.de\/dapoddy\/ueber-mich\/"]}]},{"@type":"ImageObject","inLanguage":"de","@id":"https:\/\/www.dapoddy.de\/dapoddy\/ueber-mich\/#primaryimage","url":"https:\/\/www.dapoddy.de\/dapoddy\/wp-content\/uploads\/2026\/03\/1732360473979-scaled.jpg","contentUrl":"https:\/\/www.dapoddy.de\/dapoddy\/wp-content\/uploads\/2026\/03\/1732360473979-scaled.jpg","width":1920,"height":2560},{"@type":"BreadcrumbList","@id":"https:\/\/www.dapoddy.de\/dapoddy\/ueber-mich\/#breadcrumb","itemListElement":[{"@type":"ListItem","position":1,"name":"Start","item":"https:\/\/www.dapoddy.de\/dapoddy\/"},{"@type":"ListItem","position":2,"name":"\u00dcber mich"}]},{"@type":"WebSite","@id":"https:\/\/www.dapoddy.de\/dapoddy\/#website","url":"https:\/\/www.dapoddy.de\/dapoddy\/","name":"dapoddy.de","description":"Herzlich willkommen auf der Internetseite von Daniel Podlasly","publisher":{"@id":"https:\/\/www.dapoddy.de\/dapoddy\/#\/schema\/person\/56521fb7247a00ca681c1f8849920eda"},"potentialAction":[{"@type":"SearchAction","target":{"@type":"EntryPoint","urlTemplate":"https:\/\/www.dapoddy.de\/dapoddy\/?s={search_term_string}"},"query-input":{"@type":"PropertyValueSpecification","valueRequired":true,"valueName":"search_term_string"}}],"inLanguage":"de"},{"@type":["Person","Organization"],"@id":"https:\/\/www.dapoddy.de\/dapoddy\/#\/schema\/person\/56521fb7247a00ca681c1f8849920eda","name":"Daniel Podlasly","image":{"@type":"ImageObject","inLanguage":"de","@id":"https:\/\/www.dapoddy.de\/dapoddy\/#\/schema\/person\/image\/","url":"https:\/\/secure.gravatar.com\/avatar\/d393dbd9f8a0618b72bb1505d16dcc84851935cfa17686be49263498b16687b6?s=96&d=blank&r=g","contentUrl":"https:\/\/secure.gravatar.com\/avatar\/d393dbd9f8a0618b72bb1505d16dcc84851935cfa17686be49263498b16687b6?s=96&d=blank&r=g","caption":"Daniel Podlasly"},"logo":{"@id":"https:\/\/www.dapoddy.de\/dapoddy\/#\/schema\/person\/image\/"},"description":"Ich bin der Webmaster dieser Internetpr\u00e4senz. Schreibt bitte Kommentare zu den Blogs","sameAs":["https:\/\/www.dapoddy.de"]}]}},"jetpack_sharing_enabled":true,"_links":{"self":[{"href":"https:\/\/www.dapoddy.de\/dapoddy\/wp-json\/wp\/v2\/pages\/1635","targetHints":{"allow":["GET"]}}],"collection":[{"href":"https:\/\/www.dapoddy.de\/dapoddy\/wp-json\/wp\/v2\/pages"}],"about":[{"href":"https:\/\/www.dapoddy.de\/dapoddy\/wp-json\/wp\/v2\/types\/page"}],"author":[{"embeddable":true,"href":"https:\/\/www.dapoddy.de\/dapoddy\/wp-json\/wp\/v2\/users\/2"}],"replies":[{"embeddable":true,"href":"https:\/\/www.dapoddy.de\/dapoddy\/wp-json\/wp\/v2\/comments?post=1635"}],"version-history":[{"count":50,"href":"https:\/\/www.dapoddy.de\/dapoddy\/wp-json\/wp\/v2\/pages\/1635\/revisions"}],"predecessor-version":[{"id":1726,"href":"https:\/\/www.dapoddy.de\/dapoddy\/wp-json\/wp\/v2\/pages\/1635\/revisions\/1726"}],"wp:attachment":[{"href":"https:\/\/www.dapoddy.de\/dapoddy\/wp-json\/wp\/v2\/media?parent=1635"}],"curies":[{"name":"wp","href":"https:\/\/api.w.org\/{rel}","templated":true}]}}